{"id":972,"date":"2023-09-11T04:24:28","date_gmt":"2023-09-11T04:24:28","guid":{"rendered":"https:\/\/www.comunidadevisaoemcristo.com.br\/radiostore\/?page_id=972"},"modified":"2023-09-19T20:05:39","modified_gmt":"2023-09-19T20:05:39","slug":"contato","status":"publish","type":"page","link":"https:\/\/www.comunidadevisaoemcristo.com.br\/radiostore\/contato\/","title":{"rendered":"Contato"},"content":{"rendered":"<h2>Fale Conosco<\/h2>\n<p>D\u00favida? Reclama\u00e7\u00e3o? Sugest\u00f5es? Entre em contato conosco pelo suporte no e-mail ou whatsapp<\/p>\n<ul>\n<li>\n\t\t\t\t\t\t\t\t\t\t\t<a href=\"https:\/\/api.whatsapp.com\/send?phone=5511978333936&#038;text=Ol%C3%A1%20radio%20store\"><br \/>\n+55(11)9 7833-3936<br \/>\n<\/a><\/li>\n<li>\n\t\t\t\t\t\t\t\t\t\tsac@comunidadevisaoemcristo.com.br<\/li>\n<\/ul>\n<h2>Ou se preferir entre em contato atrav\u00e9s de nossas redes<\/h2>\n<p><a href=\"https:\/\/www.instagram.com\/radiovisaoemcristo\/\" target=\"_blank\" rel=\"noopener\"><br \/>\nInstagram<br \/>\n<\/a><br \/>\n<a href=\"https:\/\/www.facebook.com\/radiovisaoemcristo?locale=pt_BR\" target=\"_blank\" rel=\"noopener\"><br \/>\nFacebook<br \/>\n<\/a><br \/>\n<a href=\"https:\/\/twitter.com\/cevisaoemcristo\" target=\"_blank\" rel=\"noopener\"><br \/>\nTwitter<br \/>\n<\/a><br \/>\n<a href=\"https:\/\/www.youtube.com\/@cevisaoemcristo\" target=\"_blank\" rel=\"noopener\"><br \/>\nYoutube<br \/>\n<\/a><\/p>\n<p role=\"status\" aria-live=\"polite\" aria-atomic=\"true\">\n<ul><\/ul>\n<form action=\"\/radiostore\/wp-admin\/admin-ajax.php#wpcf7-f1000-o3\" method=\"post\" aria-label=\"Formul\u00e1rios de contato\" novalidate=\"novalidate\" data-status=\"init\">\n<input type=\"hidden\" name=\"_wpcf7\" value=\"1000\" \/><br \/>\n<input type=\"hidden\" name=\"_wpcf7_version\" value=\"5.8\" \/><br \/>\n<input type=\"hidden\" name=\"_wpcf7_locale\" value=\"pt_BR\" \/><br \/>\n<input type=\"hidden\" name=\"_wpcf7_unit_tag\" value=\"wpcf7-f1000-o3\" \/><br \/>\n<input type=\"hidden\" name=\"_wpcf7_container_post\" value=\"0\" \/><br \/>\n<input type=\"hidden\" name=\"_wpcf7_posted_data_hash\" value=\"\" \/><\/p>\n<p><label> Nome<br \/>\n<input size=\"40\" aria-invalid=\"false\" placeholder=\"Digite seu nome\" value=\"\" type=\"text\" name=\"nome\" \/><br \/>\n<\/label><\/p>\n<p><label> E-mail<br \/>\n<input size=\"40\" aria-invalid=\"false\" placeholder=\"Digite seu e-mail valido\" value=\"\" type=\"email\" name=\"email\" \/><br \/>\n<\/label><\/p>\n<p><label> Assunto<br \/>\n<select aria-invalid=\"false\" name=\"assunto\"><option value=\"D\u00favidas\">D\u00favidas<\/option><option value=\"Devolu\u00e7\u00f5es\">Devolu\u00e7\u00f5es<\/option><option value=\"Trocas\">Trocas<\/option><option value=\"Outros\">Outros<\/option><\/select><br \/>\n<\/label><\/p>\n<p><label> Sua mensagem<br \/>\n<textarea cols=\"40\" rows=\"10\" aria-invalid=\"false\" placeholder=\"Digite sua mensagem\" name=\"mansagem\"><\/textarea><br \/>\n<\/label><\/p>\n<p><input type=\"submit\" value=\"Enviar\" \/><\/p>\n<\/form>\n","protected":false},"excerpt":{"rendered":"<p>Fale Conosco D\u00favida? Reclama\u00e7\u00e3o? Sugest\u00f5es? Entre em contato conosco pelo suporte no e-mail ou whatsapp +55(11)9 7833-3936 sac@comunidadevisaoemcristo.com.br Ou se preferir entre em contato atrav\u00e9s de nossas redes Instagram Facebook Twitter Youtube Nome E-mail Assunto D\u00favidasDevolu\u00e7\u00f5esTrocasOutros Sua mensagem<\/p>\n","protected":false},"author":1,"featured_media":0,"parent":0,"menu_order":0,"comment_status":"closed","ping_status":"closed","template":"elementor_header_footer","meta":{"tdm_status":"","tdm_grid_status":"","footnotes":""},"class_list":["post-972","page","type-page","status-publish"],"yoast_head":"<!-- This site is optimized with the Yoast SEO plugin v27.2 - https:\/\/yoast.com\/product\/yoast-seo-wordpress\/ -->\n<title>Contato<\/title>\n<meta name=\"robots\" content=\"noindex, follow, max-snippet:-1, max-image-preview:large, max-video-preview:-1\" \/>\n<meta property=\"og:locale\" content=\"pt_BR\" \/>\n<meta property=\"og:type\" content=\"article\" \/>\n<meta property=\"og:title\" content=\"Contato\" \/>\n<meta property=\"og:description\" content=\"Fale Conosco D\u00favida? Reclama\u00e7\u00e3o? Sugest\u00f5es? Entre em contato conosco pelo suporte no e-mail ou whatsapp +55(11)9 7833-3936 sac@comunidadevisaoemcristo.com.br Ou se preferir entre em contato atrav\u00e9s de nossas redes Instagram Facebook Twitter Youtube Nome E-mail Assunto D\u00favidasDevolu\u00e7\u00f5esTrocasOutros Sua mensagem\" \/>\n<meta property=\"og:url\" content=\"https:\/\/www.comunidadevisaoemcristo.com.br\/radiostore\/contato\/\" \/>\n<meta property=\"og:site_name\" content=\"Radio Store\" \/>\n<meta property=\"article:publisher\" content=\"https:\/\/www.facebook.com\/radiovisaoemcristo?locale=pt_BR\" \/>\n<meta property=\"article:modified_time\" content=\"2023-09-19T20:05:39+00:00\" \/>\n<meta property=\"og:image\" content=\"https:\/\/www.comunidadevisaoemcristo.com.br\/radiostore\/wp-content\/uploads\/2023\/09\/Site-Logo-Radio-Store-200-x-104-px.png\" \/>\n\t<meta property=\"og:image:width\" content=\"200\" \/>\n\t<meta property=\"og:image:height\" content=\"104\" \/>\n\t<meta property=\"og:image:type\" content=\"image\/png\" \/>\n<meta name=\"twitter:card\" content=\"summary_large_image\" \/>\n<meta name=\"twitter:label1\" content=\"Est. tempo de leitura\" \/>\n\t<meta name=\"twitter:data1\" content=\"1 minuto\" \/>\n<script type=\"application\/ld+json\" class=\"yoast-schema-graph\">{\"@context\":\"https:\/\/schema.org\",\"@graph\":[{\"@type\":[\"WebPage\",\"ContactPage\"],\"@id\":\"https:\/\/www.comunidadevisaoemcristo.com.br\/radiostore\/contato\/\",\"url\":\"https:\/\/www.comunidadevisaoemcristo.com.br\/radiostore\/contato\/\",\"name\":\"Contato\",\"isPartOf\":{\"@id\":\"https:\/\/www.comunidadevisaoemcristo.com.br\/radiostore\/#website\"},\"datePublished\":\"2023-09-11T04:24:28+00:00\",\"dateModified\":\"2023-09-19T20:05:39+00:00\",\"breadcrumb\":{\"@id\":\"https:\/\/www.comunidadevisaoemcristo.com.br\/radiostore\/contato\/#breadcrumb\"},\"inLanguage\":\"pt-BR\",\"potentialAction\":[{\"@type\":\"ReadAction\",\"target\":[\"https:\/\/www.comunidadevisaoemcristo.com.br\/radiostore\/contato\/\"]}]},{\"@type\":\"BreadcrumbList\",\"@id\":\"https:\/\/www.comunidadevisaoemcristo.com.br\/radiostore\/contato\/#breadcrumb\",\"itemListElement\":[{\"@type\":\"ListItem\",\"position\":1,\"name\":\"In\u00edcio\",\"item\":\"https:\/\/www.comunidadevisaoemcristo.com.br\/radiostore\/\"},{\"@type\":\"ListItem\",\"position\":2,\"name\":\"Contato\"}]},{\"@type\":\"WebSite\",\"@id\":\"https:\/\/www.comunidadevisaoemcristo.com.br\/radiostore\/#website\",\"url\":\"https:\/\/www.comunidadevisaoemcristo.com.br\/radiostore\/\",\"name\":\"R\u00e1dio Store\",\"description\":\"Sua Loja digital\",\"publisher\":{\"@id\":\"https:\/\/www.comunidadevisaoemcristo.com.br\/radiostore\/#organization\"},\"potentialAction\":[{\"@type\":\"SearchAction\",\"target\":{\"@type\":\"EntryPoint\",\"urlTemplate\":\"https:\/\/www.comunidadevisaoemcristo.com.br\/radiostore\/?s={search_term_string}\"},\"query-input\":{\"@type\":\"PropertyValueSpecification\",\"valueRequired\":true,\"valueName\":\"search_term_string\"}}],\"inLanguage\":\"pt-BR\"},{\"@type\":\"Organization\",\"@id\":\"https:\/\/www.comunidadevisaoemcristo.com.br\/radiostore\/#organization\",\"name\":\"R\u00e1dio Store\",\"url\":\"https:\/\/www.comunidadevisaoemcristo.com.br\/radiostore\/\",\"logo\":{\"@type\":\"ImageObject\",\"inLanguage\":\"pt-BR\",\"@id\":\"https:\/\/www.comunidadevisaoemcristo.com.br\/radiostore\/#\/schema\/logo\/image\/\",\"url\":\"https:\/\/www.comunidadevisaoemcristo.com.br\/radiostore\/wp-content\/uploads\/2023\/09\/Site-Logo-Radio-Store-200-x-104-px.png\",\"contentUrl\":\"https:\/\/www.comunidadevisaoemcristo.com.br\/radiostore\/wp-content\/uploads\/2023\/09\/Site-Logo-Radio-Store-200-x-104-px.png\",\"width\":200,\"height\":104,\"caption\":\"R\u00e1dio Store\"},\"image\":{\"@id\":\"https:\/\/www.comunidadevisaoemcristo.com.br\/radiostore\/#\/schema\/logo\/image\/\"},\"sameAs\":[\"https:\/\/www.facebook.com\/radiovisaoemcristo?locale=pt_BR\",\"https:\/\/www.instagram.com\/radiovisaoemcristo\/\"]}]}<\/script>\n<!-- \/ Yoast SEO plugin. -->","yoast_head_json":{"title":"Contato","robots":{"index":"noindex","follow":"follow","max-snippet":"max-snippet:-1","max-image-preview":"max-image-preview:large","max-video-preview":"max-video-preview:-1"},"og_locale":"pt_BR","og_type":"article","og_title":"Contato","og_description":"Fale Conosco D\u00favida? Reclama\u00e7\u00e3o? Sugest\u00f5es? Entre em contato conosco pelo suporte no e-mail ou whatsapp +55(11)9 7833-3936 sac@comunidadevisaoemcristo.com.br Ou se preferir entre em contato atrav\u00e9s de nossas redes Instagram Facebook Twitter Youtube Nome E-mail Assunto D\u00favidasDevolu\u00e7\u00f5esTrocasOutros Sua mensagem","og_url":"https:\/\/www.comunidadevisaoemcristo.com.br\/radiostore\/contato\/","og_site_name":"Radio Store","article_publisher":"https:\/\/www.facebook.com\/radiovisaoemcristo?locale=pt_BR","article_modified_time":"2023-09-19T20:05:39+00:00","og_image":[{"width":200,"height":104,"url":"https:\/\/www.comunidadevisaoemcristo.com.br\/radiostore\/wp-content\/uploads\/2023\/09\/Site-Logo-Radio-Store-200-x-104-px.png","type":"image\/png"}],"twitter_card":"summary_large_image","twitter_misc":{"Est. tempo de leitura":"1 minuto"},"schema":{"@context":"https:\/\/schema.org","@graph":[{"@type":["WebPage","ContactPage"],"@id":"https:\/\/www.comunidadevisaoemcristo.com.br\/radiostore\/contato\/","url":"https:\/\/www.comunidadevisaoemcristo.com.br\/radiostore\/contato\/","name":"Contato","isPartOf":{"@id":"https:\/\/www.comunidadevisaoemcristo.com.br\/radiostore\/#website"},"datePublished":"2023-09-11T04:24:28+00:00","dateModified":"2023-09-19T20:05:39+00:00","breadcrumb":{"@id":"https:\/\/www.comunidadevisaoemcristo.com.br\/radiostore\/contato\/#breadcrumb"},"inLanguage":"pt-BR","potentialAction":[{"@type":"ReadAction","target":["https:\/\/www.comunidadevisaoemcristo.com.br\/radiostore\/contato\/"]}]},{"@type":"BreadcrumbList","@id":"https:\/\/www.comunidadevisaoemcristo.com.br\/radiostore\/contato\/#breadcrumb","itemListElement":[{"@type":"ListItem","position":1,"name":"In\u00edcio","item":"https:\/\/www.comunidadevisaoemcristo.com.br\/radiostore\/"},{"@type":"ListItem","position":2,"name":"Contato"}]},{"@type":"WebSite","@id":"https:\/\/www.comunidadevisaoemcristo.com.br\/radiostore\/#website","url":"https:\/\/www.comunidadevisaoemcristo.com.br\/radiostore\/","name":"R\u00e1dio Store","description":"Sua Loja digital","publisher":{"@id":"https:\/\/www.comunidadevisaoemcristo.com.br\/radiostore\/#organization"},"potentialAction":[{"@type":"SearchAction","target":{"@type":"EntryPoint","urlTemplate":"https:\/\/www.comunidadevisaoemcristo.com.br\/radiostore\/?s={search_term_string}"},"query-input":{"@type":"PropertyValueSpecification","valueRequired":true,"valueName":"search_term_string"}}],"inLanguage":"pt-BR"},{"@type":"Organization","@id":"https:\/\/www.comunidadevisaoemcristo.com.br\/radiostore\/#organization","name":"R\u00e1dio Store","url":"https:\/\/www.comunidadevisaoemcristo.com.br\/radiostore\/","logo":{"@type":"ImageObject","inLanguage":"pt-BR","@id":"https:\/\/www.comunidadevisaoemcristo.com.br\/radiostore\/#\/schema\/logo\/image\/","url":"https:\/\/www.comunidadevisaoemcristo.com.br\/radiostore\/wp-content\/uploads\/2023\/09\/Site-Logo-Radio-Store-200-x-104-px.png","contentUrl":"https:\/\/www.comunidadevisaoemcristo.com.br\/radiostore\/wp-content\/uploads\/2023\/09\/Site-Logo-Radio-Store-200-x-104-px.png","width":200,"height":104,"caption":"R\u00e1dio Store"},"image":{"@id":"https:\/\/www.comunidadevisaoemcristo.com.br\/radiostore\/#\/schema\/logo\/image\/"},"sameAs":["https:\/\/www.facebook.com\/radiovisaoemcristo?locale=pt_BR","https:\/\/www.instagram.com\/radiovisaoemcristo\/"]}]}},"_links":{"self":[{"href":"https:\/\/www.comunidadevisaoemcristo.com.br\/radiostore\/wp-json\/wp\/v2\/pages\/972","targetHints":{"allow":["GET"]}}],"collection":[{"href":"https:\/\/www.comunidadevisaoemcristo.com.br\/radiostore\/wp-json\/wp\/v2\/pages"}],"about":[{"href":"https:\/\/www.comunidadevisaoemcristo.com.br\/radiostore\/wp-json\/wp\/v2\/types\/page"}],"author":[{"embeddable":true,"href":"https:\/\/www.comunidadevisaoemcristo.com.br\/radiostore\/wp-json\/wp\/v2\/users\/1"}],"replies":[{"embeddable":true,"href":"https:\/\/www.comunidadevisaoemcristo.com.br\/radiostore\/wp-json\/wp\/v2\/comments?post=972"}],"version-history":[{"count":56,"href":"https:\/\/www.comunidadevisaoemcristo.com.br\/radiostore\/wp-json\/wp\/v2\/pages\/972\/revisions"}],"predecessor-version":[{"id":1522,"href":"https:\/\/www.comunidadevisaoemcristo.com.br\/radiostore\/wp-json\/wp\/v2\/pages\/972\/revisions\/1522"}],"wp:attachment":[{"href":"https:\/\/www.comunidadevisaoemcristo.com.br\/radiostore\/wp-json\/wp\/v2\/media?parent=972"}],"curies":[{"name":"wp","href":"https:\/\/api.w.org\/{rel}","templated":true}]}}